{"id":564,"date":"2023-09-15T13:46:21","date_gmt":"2023-09-15T11:46:21","guid":{"rendered":"https:\/\/keepinmemoryplaces.com\/?page_id=564"},"modified":"2025-08-20T12:40:24","modified_gmt":"2025-08-20T10:40:24","slug":"publications","status":"publish","type":"page","link":"https:\/\/keepinmemoryplaces.com\/en\/publications\/","title":{"rendered":""},"content":{"rendered":"\t\t<div data-elementor-type=\"wp-page\" data-elementor-id=\"564\" class=\"elementor elementor-564 elementor-510\" data-elementor-post-type=\"page\">\n\t\t\t\t\t\t<section class=\"elementor-section elementor-top-section elementor-element elementor-element-9f7d5cb elementor-section-content-bottom elementor-section-boxed elementor-section-height-default elementor-section-height-default\" data-id=\"9f7d5cb\" data-element_type=\"section\" data-e-type=\"section\" data-settings=\"{&quot;background_background&quot;:&quot;classic&quot;}\">\n\t\t\t\t\t\t\t<div class=\"elementor-background-overlay\"><\/div>\n\t\t\t\t\t\t\t<div class=\"elementor-container elementor-column-gap-default\">\n\t\t\t\t\t<div class=\"elementor-column elementor-col-100 elementor-top-column elementor-element elementor-element-69a9748\" data-id=\"69a9748\" data-element_type=\"column\" data-e-type=\"column\">\n\t\t\t<div class=\"elementor-widget-wrap elementor-element-populated\">\n\t\t\t\t\t\t\t<\/div>\n\t\t<\/div>\n\t\t\t\t\t<\/div>\n\t\t<\/section>\n\t\t\t\t<section class=\"elementor-section elementor-top-section elementor-element elementor-element-418ef8d elementor-section-boxed elementor-section-height-default elementor-section-height-default\" data-id=\"418ef8d\" data-element_type=\"section\" data-e-type=\"section\">\n\t\t\t\t\t\t<div class=\"elementor-container elementor-column-gap-default\">\n\t\t\t\t\t<div class=\"elementor-column elementor-col-100 elementor-top-column elementor-element elementor-element-9eb3ae0\" data-id=\"9eb3ae0\" data-element_type=\"column\" data-e-type=\"column\">\n\t\t\t<div class=\"elementor-widget-wrap elementor-element-populated\">\n\t\t\t\t\t\t<div class=\"elementor-element elementor-element-7431cf5 elementor-widget elementor-widget-text-editor\" data-id=\"7431cf5\" data-element_type=\"widget\" data-e-type=\"widget\" data-widget_type=\"text-editor.default\">\n\t\t\t\t<div class=\"elementor-widget-container\">\n\t\t\t\t\t\t\t\t\t<p>Holocaust Education in Poland and the USA, Zeitschrift f\u00fcr Genozidforschung 22. Jahrgang 2024, Heft 1\u00a0 <a href=\"https:\/\/www.velbrueck.de\/Programm\/Theorie-der-Gesellschaft\/Zeitschrift-fuer-Genozidforschung-22-Jahrgang-2024-Heft-1.html\" target=\"_blank\" rel=\"noopener\">See<\/a><\/p><p>Holocaust Museums. A Study of the Memory Policies of the USA and Poland, in a book: Holocaust vs. Popular Culture<br \/>Interrogating Incompatibility and Universalization, 2023. <a href=\"https:\/\/www.routledge.com\/Holocaust-vs-Popular-Culture-Interrogating-Incompatibility-and-Universalization\/Mandal-Das\/p\/book\/9781032169736\" target=\"_blank\" rel=\"noopener\">See.<\/a><\/p><p>Res Gestae, 2023, &#8220;The Holocaust in Polish and American culture. Deliberations, politics and watershed moments.&#8221; <a href=\"https:\/\/resgestae.up.krakow.pl\/article\/view\/9322\" target=\"_blank\" rel=\"noopener\">See<\/a><\/p><p>Autobiografia, Literatura, Kultura, Media, 2023. &#8220;The United States Holocaust Memorial Museum as a global human rights advocate &#8211; that is, about the politicization and institutionalization of the discourse on the Holocaust in the USA&#8221;. <a href=\"https:\/\/wnus.usz.edu.pl\/au\/file\/article\/view\/20178.pdf\" target=\"_blank\" rel=\"noopener\">See.<\/a><\/p><p>The Place of Memory and the Memory of Place, UK, 12.2022. <a href=\"https:\/\/memory.lcir.co.uk\/wp-content\/uploads\/2022\/11\/Memory-Updated-Programme.pdf\" target=\"_blank\" rel=\"noopener\">See.<\/a><\/p><p>Ogrody nauk i sztuk, 2022, &#8220;Badania nad upami\u0119tnieniem Holokaustu w Polsce i w USA na przyk\u0142adzie dw\u00f3ch najwi\u0119kszych miejsc pami\u0119ci. Dyskurs, archiwa i polityka.&#8221; <a href=\"https:\/\/ogrodynauk.pl\/index.php\/onis\/article\/view\/1439\" target=\"_blank\" rel=\"noopener\">See.<\/a><\/p><p>Konferencja Europa Ojczyn, Europa Warto\u015bci, 10. 2022.\u00a0 <a href=\"https:\/\/oneworld-manycultures.kpsw.edu.pl\/2022-archiwum\" target=\"_blank\" rel=\"noopener\">See.<\/a><\/p><p>Konferencja \u017bydowskie Dziedzictwo Kulturowe w Polsce, Muz. G\u00f3rno\u015bl\u0105\u015bkie, 11.2021. <a href=\"https:\/\/muzeum.bytom.pl\/?page_id=23368\" target=\"_blank\" rel=\"noopener\">See.<\/a><\/p><p>Religion and Politics &#8220;Religion and Politics in the Context of Epochal Change, UKSW, 11.2021. A paper entitled: \u201cReligion and politics in the context of epochal change in education about the Holocaust in Poland on the example of the Auschwitz-Birkenau State Museum.\u201d<\/p><p>Media &#8211; Kultura &#8211; Komunikacja Spo\u0142eczna&#8221; 2020. &#8220;Rola Muze\u00f3w Holokaustu i ich audytori\u00f3w w kszta\u0142towaniu pami\u0119ci o Holokau\u015bcie w kontek\u015bcie nowych medi\u00f3w&#8221; <a href=\"https:\/\/czasopisma.uwm.edu.pl\/index.php\/mkks\/article\/view\/6287\" target=\"_blank\" rel=\"noopener\">See.<\/a><\/p><p>Konferencja W\u0142adza i spo\u0142ecze\u0144stwo. Relacje na przestrzeni dziej\u00f3w, UMCS, 10 2020. A paper entitled:<br \/>\u201cOn the usefulness of the Foucauldian category of dispositive in research on memory policies in Poland and in the USA in the context of the Holocaust\u201d<\/p><p>National Scientific Conference \u201cHistorical Narratives in the Modern World\u201d. Kazimierz Wielki University in Bydgoszcz, 10.2019. A paper entitled: \u201cHistory policy on the example of the two largest Holocaust Museums in Poland and the USA.\u201d<\/p><p>3rd International Interdisciplinary Conference \u201cMemory, Forgetting and Creating\u201d. InMind, 09. 2019. A paper entitled: \u201cWhy we Should study Collective Memory and Memory Sites in order to understand the Memory Policy of Different Countries?\u201d<\/p>\t\t\t\t\t\t\t\t<\/div>\n\t\t\t\t<\/div>\n\t\t\t\t\t<\/div>\n\t\t<\/div>\n\t\t\t\t\t<\/div>\n\t\t<\/section>\n\t\t\t\t<\/div>\n\t\t","protected":false},"excerpt":{"rendered":"<p>Holocaust Education in Poland and the USA, Zeitschrift f\u00fcr Genozidforschung 22. Jahrgang 2024, Heft 1\u00a0 See Holocaust Museums. A Study of [&hellip;]<\/p>\n","protected":false},"author":1,"featured_media":0,"parent":0,"menu_order":0,"comment_status":"closed","ping_status":"closed","template":"","meta":{"site-sidebar-layout":"no-sidebar","site-content-layout":"page-builder","ast-site-content-layout":"full-width-container","site-content-style":"default","site-sidebar-style":"default","ast-global-header-display":"","ast-banner-title-visibility":"","ast-main-header-display":"","ast-hfb-above-header-display":"","ast-hfb-below-header-display":"","ast-hfb-mobile-header-display":"","site-post-title":"disabled","ast-breadcrumbs-content":"","ast-featured-img":"disabled","footer-sml-layout":"","ast-disable-related-posts":"","theme-transparent-header-meta":"","adv-header-id-meta":"","stick-header-meta":"","header-above-stick-meta":"","header-main-stick-meta":"","header-below-stick-meta":"","astra-migrate-meta-layouts":"set","ast-page-background-enabled":"default","ast-page-background-meta":{"desktop":{"background-color":"var(--ast-global-color-4)","background-image":"","background-repeat":"repeat","background-position":"center center","background-size":"auto","background-attachment":"scroll","background-type":"","background-media":"","overlay-type":"","overlay-color":"","overlay-opacity":"","overlay-gradient":""},"tablet":{"background-color":"","background-image":"","background-repeat":"repeat","background-position":"center center","background-size":"auto","background-attachment":"scroll","background-type":"","background-media":"","overlay-type":"","overlay-color":"","overlay-opacity":"","overlay-gradient":""},"mobile":{"background-color":"","background-image":"","background-repeat":"repeat","background-position":"center center","background-size":"auto","background-attachment":"scroll","background-type":"","background-media":"","overlay-type":"","overlay-color":"","overlay-opacity":"","overlay-gradient":""}},"ast-content-background-meta":{"desktop":{"background-color":"var(--ast-global-color-5)","background-image":"","background-repeat":"repeat","background-position":"center center","background-size":"auto","background-attachment":"scroll","background-type":"","background-media":"","overlay-type":"","overlay-color":"","overlay-opacity":"","overlay-gradient":""},"tablet":{"background-color":"var(--ast-global-color-5)","background-image":"","background-repeat":"repeat","background-position":"center center","background-size":"auto","background-attachment":"scroll","background-type":"","background-media":"","overlay-type":"","overlay-color":"","overlay-opacity":"","overlay-gradient":""},"mobile":{"background-color":"var(--ast-global-color-5)","background-image":"","background-repeat":"repeat","background-position":"center center","background-size":"auto","background-attachment":"scroll","background-type":"","background-media":"","overlay-type":"","overlay-color":"","overlay-opacity":"","overlay-gradient":""}},"footnotes":""},"class_list":["post-564","page","type-page","status-publish","hentry"],"_links":{"self":[{"href":"https:\/\/keepinmemoryplaces.com\/en\/wp-json\/wp\/v2\/pages\/564","targetHints":{"allow":["GET"]}}],"collection":[{"href":"https:\/\/keepinmemoryplaces.com\/en\/wp-json\/wp\/v2\/pages"}],"about":[{"href":"https:\/\/keepinmemoryplaces.com\/en\/wp-json\/wp\/v2\/types\/page"}],"author":[{"embeddable":true,"href":"https:\/\/keepinmemoryplaces.com\/en\/wp-json\/wp\/v2\/users\/1"}],"replies":[{"embeddable":true,"href":"https:\/\/keepinmemoryplaces.com\/en\/wp-json\/wp\/v2\/comments?post=564"}],"version-history":[{"count":39,"href":"https:\/\/keepinmemoryplaces.com\/en\/wp-json\/wp\/v2\/pages\/564\/revisions"}],"predecessor-version":[{"id":1672,"href":"https:\/\/keepinmemoryplaces.com\/en\/wp-json\/wp\/v2\/pages\/564\/revisions\/1672"}],"wp:attachment":[{"href":"https:\/\/keepinmemoryplaces.com\/en\/wp-json\/wp\/v2\/media?parent=564"}],"curies":[{"name":"wp","href":"https:\/\/api.w.org\/{rel}","templated":true}]}}